{"id":1968,"date":"2018-02-22T00:02:25","date_gmt":"2018-02-22T00:02:25","guid":{"rendered":"http:\/\/www.lachambredessecrets.com\/?page_id=1968"},"modified":"2018-02-22T00:43:36","modified_gmt":"2018-02-22T00:43:36","slug":"et-voila","status":"publish","type":"page","link":"http:\/\/www.lachambredessecrets.com\/fr\/et-voila\/","title":{"rendered":"Et voil\u00e0!"},"content":{"rendered":"<h2 style=\"text-align: center;\"><strong><big><big><big>Et voil\u00e0!\u00a0<\/big><\/big><\/big><\/strong><\/h2>\n<h2 style=\"text-align: center;\"><strong>Ton portrait robot!\u00a0<\/strong><\/h2>\n<h3 style=\"text-align: center;\"><span style=\"color: #ff0000;\"><strong>Attends-toi \u00e0 avoir la visite de la Police F\u00e9d\u00e9rale chez toi!<\/strong><\/span><\/h3>\n<h3 style=\"text-align: center;\"><span style=\"color: #ff0000;\"><strong>\u00a0<\/strong><\/span><\/h3>\n<h2 style=\"text-align: center;\"><strong>\u2193<\/strong><\/h2>\n<h2 style=\"text-align: center;\"><strong>\u2193<\/strong><\/h2>\n<h2 style=\"text-align: center;\"><strong>\u2193<\/strong><\/h2>\n<h2 style=\"text-align: center;\"><strong>\u2193<\/strong><\/h2>\n<h2 style=\"text-align: center;\"><strong>\u2193<\/strong><\/h2>\n<h2 style=\"text-align: center;\"><strong>\u2193<\/strong><\/h2>\n<h2 style=\"text-align: center;\"><strong>\u2193<\/strong><\/h2>\n<h2 style=\"text-align: center;\"><strong>\u2193<\/strong><\/h2>\n<h2 style=\"text-align: center;\"><strong>\u2193<\/strong><\/h2>\n<h2 style=\"text-align: center;\"><strong>\u2193<\/strong><\/h2>\n<h2 style=\"text-align: center;\"><strong>\u2193<\/strong><\/h2>\n<h2 style=\"text-align: center;\"><strong>\u2193<\/strong><\/h2>\n<h2 style=\"text-align: center;\"><strong>\u2193<\/strong><\/h2>\n<h2 style=\"text-align: center;\"><a href=\"http:\/\/www.lachambredessecrets.com\/wp-content\/uploads\/2018\/02\/slika.jpg\"><img loading=\"lazy\" decoding=\"async\" class=\"alignnone wp-image-1970 size-medium\" src=\"http:\/\/www.lachambredessecrets.com\/wp-content\/uploads\/2018\/02\/slika-183x300.jpg\" alt=\"\" width=\"183\" height=\"300\" srcset=\"http:\/\/www.lachambredessecrets.com\/wp-content\/uploads\/2018\/02\/slika-183x300.jpg 183w, http:\/\/www.lachambredessecrets.com\/wp-content\/uploads\/2018\/02\/slika-550x901.jpg 550w, http:\/\/www.lachambredessecrets.com\/wp-content\/uploads\/2018\/02\/slika-92x150.jpg 92w, http:\/\/www.lachambredessecrets.com\/wp-content\/uploads\/2018\/02\/slika.jpg 564w\" sizes=\"auto, (max-width: 183px) 100vw, 183px\" \/><\/a><\/h2>\n<h3 style=\"text-align: center;\"><strong>On peut dire qu&rsquo;\u00a0<big><big><span lang=\"fr-ca\">un ordinateur, \u00e7a ne se trompe jamais !<\/span><\/big><\/big><\/strong><\/h3>\n<h6 style=\"text-align: center;\"><span style=\"color: #f27f13;\"><strong>Bonne journ\u00e9e!\u00a0<\/strong><\/span><\/h6>\n<p><iframe loading=\"lazy\" class=\"giphy-embed\" src=\"https:\/\/giphy.com\/embed\/ZqlvCTNHpqrio\" width=\"480\" height=\"259\" frameborder=\"0\" allowfullscreen=\"allowfullscreen\"><\/iframe><\/p>\n<p><center><a href=\"https:\/\/giphy.com\/gifs\/laughing-despicable-me-minions-ZqlvCTNHpqrio\">via GIPHY<\/a><center><\/p>\n","protected":false},"excerpt":{"rendered":"<p>Et voil\u00e0!\u00a0 Ton portrait robot!\u00a0 Attends-toi \u00e0 avoir la visite de la Police F\u00e9d\u00e9rale chez toi! \u00a0 \u2193 \u2193 \u2193 \u2193 \u2193 \u2193 \u2193 \u2193 \u2193 \u2193 \u2193 \u2193 \u2193 On peut dire qu&rsquo;\u00a0un ordinateur, \u00e7a ne se trompe jamais&hellip; <\/p>\n","protected":false},"author":1,"featured_media":0,"parent":0,"menu_order":0,"comment_status":"closed","ping_status":"closed","template":"","meta":{"_monsterinsights_skip_tracking":false,"_monsterinsights_sitenote_active":false,"_monsterinsights_sitenote_note":"","_monsterinsights_sitenote_category":0,"footnotes":""},"class_list":["post-1968","page","type-page","status-publish","hentry"],"_links":{"self":[{"href":"http:\/\/www.lachambredessecrets.com\/fr\/wp-json\/wp\/v2\/pages\/1968","targetHints":{"allow":["GET"]}}],"collection":[{"href":"http:\/\/www.lachambredessecrets.com\/fr\/wp-json\/wp\/v2\/pages"}],"about":[{"href":"http:\/\/www.lachambredessecrets.com\/fr\/wp-json\/wp\/v2\/types\/page"}],"author":[{"embeddable":true,"href":"http:\/\/www.lachambredessecrets.com\/fr\/wp-json\/wp\/v2\/users\/1"}],"replies":[{"embeddable":true,"href":"http:\/\/www.lachambredessecrets.com\/fr\/wp-json\/wp\/v2\/comments?post=1968"}],"version-history":[{"count":6,"href":"http:\/\/www.lachambredessecrets.com\/fr\/wp-json\/wp\/v2\/pages\/1968\/revisions"}],"predecessor-version":[{"id":1977,"href":"http:\/\/www.lachambredessecrets.com\/fr\/wp-json\/wp\/v2\/pages\/1968\/revisions\/1977"}],"wp:attachment":[{"href":"http:\/\/www.lachambredessecrets.com\/fr\/wp-json\/wp\/v2\/media?parent=1968"}],"curies":[{"name":"wp","href":"https:\/\/api.w.org\/{rel}","templated":true}]}}